{"id":75,"date":"2025-09-04T11:27:14","date_gmt":"2025-09-04T11:27:14","guid":{"rendered":"https:\/\/cursuriservis.com\/?page_id=75"},"modified":"2025-09-12T09:34:04","modified_gmt":"2025-09-12T09:34:04","slug":"obiective","status":"publish","type":"page","link":"https:\/\/cursuriacces.com\/?page_id=75","title":{"rendered":"Obiective"},"content":{"rendered":"<section class=\"l-section wpb_row height_medium\" id=\"section-01\"><div class=\"l-section-h i-cf\"><div class=\"g-cols vc_row via_grid cols_1 laptops-cols_inherit tablets-cols_inherit mobiles-cols_1 valign_top type_default stacking_default\"><div class=\"wpb_column vc_column_container\"><div class=\"vc_column-inner\"><div class=\"w-iconbox iconpos_left style_default color_primary align_none\"><div class=\"w-iconbox-icon\" style=\"font-size:3rem;\"><i class=\"material-icons\">ads_click<\/i><\/div><div class=\"w-iconbox-meta\"><h4 class=\"w-iconbox-title\">Obiective generale \u0219i specifice<\/h4><div class=\"w-iconbox-text\"><p><strong>Obiective generale:<\/strong> Cre\u0219terea particip\u0103rii a <strong>308 persoane<\/strong> pe pia\u021ba muncii, \u00een special:<\/p>\n<ul>\n<li>tineri,<\/li>\n<li>\u0219omeri de lung\u0103 durat\u0103,<\/li>\n<li>grupuri defavorizate \u0219i inactive,<\/li>\n<li>promovarea activit\u0103\u021bilor independente \u0219i a economiei sociale \u00een regiunile <strong>Sud-Est, Nord-Est, Nord-Vest, Sud-Muntenia<\/strong><\/li>\n<\/ul>\n<p><strong>Obiective specifice:<\/strong><\/p>\n<ul>\n<li>Servicii de ocupare pentru 308 persoane.<\/li>\n<li>Formare profesional\u0103 pentru 308 persoane.<\/li>\n<li>Evaluare \u0219i certificare pentru 14 persoane.<\/li>\n<li>Acordarea de subven\u021bii pentru 308 participan\u021bi.<\/li>\n<li>Identificarea \u0219i selec\u021bia grupului \u021bint\u0103.<\/li>\n<li>Implementarea unui sistem performant de management \u0219i control.<\/li>\n<li>Organizarea decont\u0103rii cheltuielilor indirecte pe baz\u0103 de rat\u0103 forfetar\u0103.<\/li>\n<\/ul>\n<\/div><\/div><\/div><\/div><\/div><\/div><\/div><\/section>\n","protected":false},"excerpt":{"rendered":"ads_clickObiective generale \u0219i specificeObiective generale: Cre\u0219terea particip\u0103rii a 308 persoane pe pia\u021ba muncii, \u00een special: tineri, \u0219omeri de lung\u0103 durat\u0103, grupuri defavorizate \u0219i inactive, promovarea activit\u0103\u021bilor independente \u0219i a economiei sociale \u00een regiunile Sud-Est, Nord-Est, Nord-Vest, Sud-Muntenia Obiective specifice: Servicii de ocupare pentru 308 persoane. Formare profesional\u0103 pentru 308 persoane. Evaluare \u0219i certificare pentru 14...","protected":false},"author":1,"featured_media":0,"parent":0,"menu_order":0,"comment_status":"closed","ping_status":"closed","template":"","meta":{"footnotes":""},"class_list":["post-75","page","type-page","status-publish","hentry"],"_links":{"self":[{"href":"https:\/\/cursuriacces.com\/index.php?rest_route=\/wp\/v2\/pages\/75","targetHints":{"allow":["GET"]}}],"collection":[{"href":"https:\/\/cursuriacces.com\/index.php?rest_route=\/wp\/v2\/pages"}],"about":[{"href":"https:\/\/cursuriacces.com\/index.php?rest_route=\/wp\/v2\/types\/page"}],"author":[{"embeddable":true,"href":"https:\/\/cursuriacces.com\/index.php?rest_route=\/wp\/v2\/users\/1"}],"replies":[{"embeddable":true,"href":"https:\/\/cursuriacces.com\/index.php?rest_route=%2Fwp%2Fv2%2Fcomments&post=75"}],"version-history":[{"count":4,"href":"https:\/\/cursuriacces.com\/index.php?rest_route=\/wp\/v2\/pages\/75\/revisions"}],"predecessor-version":[{"id":184,"href":"https:\/\/cursuriacces.com\/index.php?rest_route=\/wp\/v2\/pages\/75\/revisions\/184"}],"wp:attachment":[{"href":"https:\/\/cursuriacces.com\/index.php?rest_route=%2Fwp%2Fv2%2Fmedia&parent=75"}],"curies":[{"name":"wp","href":"https:\/\/api.w.org\/{rel}","templated":true}]}}